{"id":34,"date":"2024-09-26T22:24:40","date_gmt":"2024-09-26T20:24:40","guid":{"rendered":"http:\/\/party-service-donat.de\/?page_id=34"},"modified":"2024-09-26T22:54:41","modified_gmt":"2024-09-26T20:54:41","slug":"herzlich-willkommen","status":"publish","type":"page","link":"https:\/\/party-service-donat.de\/","title":{"rendered":"Herzlich Willkommen"},"content":{"rendered":"<p>Party Service Donat begr\u00fc\u00dft dich auf unserer Webseite.<br \/>\nHier findest du in der N\u00e4he von Buchholz in der Nordheide eine Eventger\u00e4te Vermietung f\u00fcr deine Veranstaltung.<\/p>\n","protected":false},"excerpt":{"rendered":"<p>Party Service Donat begr\u00fc\u00dft dich auf unserer Webseite. Hier findest du in der N\u00e4he von Buchholz in der Nordheide eine Eventger\u00e4te Vermietung f\u00fcr deine Veranstaltung.<\/p>\n","protected":false},"author":1,"featured_media":0,"parent":0,"menu_order":0,"comment_status":"closed","ping_status":"closed","template":"","meta":{"_kad_post_transparent":"default","_kad_post_title":"default","_kad_post_layout":"default","_kad_post_sidebar_id":"","_kad_post_content_style":"default","_kad_post_vertical_padding":"default","_kad_post_feature":"","_kad_post_feature_position":"","_kad_post_header":false,"_kad_post_footer":false,"footnotes":""},"class_list":["post-34","page","type-page","status-publish","hentry"],"jetpack_sharing_enabled":true,"_links":{"self":[{"href":"https:\/\/party-service-donat.de\/index.php?rest_route=\/wp\/v2\/pages\/34","targetHints":{"allow":["GET"]}}],"collection":[{"href":"https:\/\/party-service-donat.de\/index.php?rest_route=\/wp\/v2\/pages"}],"about":[{"href":"https:\/\/party-service-donat.de\/index.php?rest_route=\/wp\/v2\/types\/page"}],"author":[{"embeddable":true,"href":"https:\/\/party-service-donat.de\/index.php?rest_route=\/wp\/v2\/users\/1"}],"replies":[{"embeddable":true,"href":"https:\/\/party-service-donat.de\/index.php?rest_route=%2Fwp%2Fv2%2Fcomments&post=34"}],"version-history":[{"count":2,"href":"https:\/\/party-service-donat.de\/index.php?rest_route=\/wp\/v2\/pages\/34\/revisions"}],"predecessor-version":[{"id":51,"href":"https:\/\/party-service-donat.de\/index.php?rest_route=\/wp\/v2\/pages\/34\/revisions\/51"}],"wp:attachment":[{"href":"https:\/\/party-service-donat.de\/index.php?rest_route=%2Fwp%2Fv2%2Fmedia&parent=34"}],"curies":[{"name":"wp","href":"https:\/\/api.w.org\/{rel}","templated":true}]}}