{"id":3,"date":"2024-09-14T09:31:21","date_gmt":"2024-09-14T07:31:21","guid":{"rendered":"http:\/\/party-service-donat.de\/?page_id=3"},"modified":"2024-09-26T22:35:08","modified_gmt":"2024-09-26T20:35:08","slug":"datenschutzerklaerung","status":"publish","type":"page","link":"https:\/\/party-service-donat.de\/?page_id=3","title":{"rendered":"Datenschutzerkl\u00e4rung"},"content":{"rendered":"\r\n<p><strong>Datenschutzbestimmungen<\/strong><\/p>\r\n<p>Der Schutz und die Sicherheit von pers\u00f6nlichen Daten hat bei uns eine hohe Priorit\u00e4t. Daher halten wir uns strikt an die Regeln des deutschen Bundesdatenschutzgesetzes (BDSG) und der EU-DSGVO. Nachfolgend werden Sie dar\u00fcber informiert, welche Art von Daten erfasst und zu welchem Zweck sie erhoben werden:<\/p>\r\n<p><strong>1. Daten\u00fcbermittlung \/ Datenprotokollierung<\/strong><br \/>Beim Besuch dieser Seite verzeichnet der Web-Server automatisch Log-Files, die keiner bestimmten Person zugeordnet werden k\u00f6nnen. Diese Daten beinhalten z. B. den Browsertyp und -version, verwendetes Betriebssystem, Referrer URL (die zuvor besuchte Seite), IP-Adresse des anfragenden Rechners, Zugriffsdatum und -uhrzeit der Serveranfrage und die Dateianfrage des Client (Dateiname und URL). Diese Daten werden nur zum Zweck der statistischen Auswertung gesammelt. Eine Weitergabe an Dritte, zu kommerziellen oder nichtkommerziellen Zwecken, findet nicht statt.<\/p>\r\n<p><strong>2. Nutzung pers\u00f6nlicher Daten<\/strong><br \/>Pers\u00f6nliche Daten werden nur erhoben oder verarbeitet, wenn Sie diese Angaben freiwillig, z.B. im Rahmen einer Anfrage mitteilen. Sofern keine erforderlichen Gr\u00fcnde im Zusammenhang mit einer Gesch\u00e4ftsabwicklung bestehen, k\u00f6nnen Sie jederzeit die zuvor erteilte Genehmigung Ihrer pers\u00f6nlichen Datenspeicherung mit sofortiger Wirkung schriftlich (z.B. per E-Mail datenschutz@party-service-donat.de) widerrufen.<\/p>\r\n<p>Eine mit der Mietanfrage angegebene E-Mail-Adresse wird Softwareseitig gespeichert. Im Rahmen der Gesch\u00e4ftsanfragen\u00a0 werden Informationen an diese E-Mail Adresse versendet.<\/p>\r\n<p>Ihre personenbezogenen Datenerden des Weiteren gef\u00fchrt<\/p>\r\n<p>\u2013 bei Mietanfrage<\/p>\r\n<p>\u2013 bei Auftragsvergabe und Rechnungsstellung<\/p>\r\n<p>Ihre Daten werden nicht an Dritte weitergeben, es sei denn, eine Weitergabe ist aufgrund gesetzlicher Vorschriften erforderlich.\u00a0<\/p>\r\n<p><strong>3. Auskunft, \u00c4nderung und L\u00f6schung Ihrer Daten<\/strong><br \/>Gem\u00e4\u00df geltendem Recht k\u00f6nnen Sie jederzeit bei uns schriftlich (datenschutz@party-service-donat.de) nachfragen, ob und welche personenbezogenen Daten bei uns \u00fcber Sie gespeichert sind. Eine entsprechende Mitteilung hierzu erhalten Sie umgehend.<\/p>\r\n<p><strong>4. Sicherheit Ihrer Daten<\/strong><br \/>Ihre uns zur Verf\u00fcgung gestellten pers\u00f6nlichen Daten werden durch Ergreifung aller technischen sowie organisatorischen Sicherheitsma\u00dfnahmen so gesichert, dass sie f\u00fcr den Zugriff unberechtigter Dritter unzug\u00e4nglich sind. Bei Versendung von sehr sensiblen Daten oder Informationen ist es empfehlenswert, den Postweg zu nutzen, da eine vollst\u00e4ndige Datensicherheit per E-Mail nicht gew\u00e4hrleistet werden kann.<\/p>\r\n<p><strong>5. Cookies<\/strong><br \/>Auf einigen unserer Seiten verwenden wir sog. \u201eSession-Cookies\u201c, um Ihnen die Nutzung unserer Webseiten zu erleichtern. Dabei handelt es sich um kleine Textdateien, die nur f\u00fcr die Dauer Ihres Besuchs unserer Webseite auf Ihrer Festplatte hinterlegt und abh\u00e4ngig von der Einstellung Ihres Browser-Programms beim Beenden des Browsers wieder gel\u00f6scht werden. Diese Cookies rufen keine auf Ihrer Festplatte \u00fcber Sie gespeicherten Informationen ab und beeintr\u00e4chtigen nicht Ihren PC oder ihre Dateien. Die meisten Browser sind so eingestellt, dass sie Cookies automatisch akzeptieren. Sie k\u00f6nnen das Speichern von Cookies jedoch deaktivieren oder ihren Browser so einstellen, dass er Sie auf die Sendung von Cookies hinweist. Ebenfalls wurde ein Plugin des verwendeten Content-Systems WordPress installiert, welches Sie bei verwendeten Cookies informiert.<\/p>\r\n<p><strong>6. \u00c4nderungen dieser Datenschutzbestimmungen<\/strong><br \/>Wir werden diese Richtlinien zum Schutz Ihrer pers\u00f6nlichen Daten von Zeit zu Zeit aktualisieren. Sie sollten sich diese Richtlinien gelegentlich ansehen, um auf dem Laufenden dar\u00fcber zu bleiben, wie wir Ihre Daten sch\u00fctzen und die Inhalte unserer Website stetig verbessern. Sollten wir wesentliche \u00c4nderungen bei der Sammlung, der Nutzung und\/oder der Weitergabe der uns von Ihnen zur Verf\u00fcgung gestellten personenbezogenen Daten vornehmen, werden wir Sie durch einen eindeutigen und gut sichtbaren Hinweis auf der Website darauf aufmerksam machen. Mit der Nutzung der Webseite erkl\u00e4ren Sie sich mit den Bedingungen dieser Richtlinien zum Schutz pers\u00f6nlicher Daten einverstanden.<\/p>\r\n<p><strong>7. Informationen zum Urheberrecht<\/strong><br \/>Alle Informationen dieser Webseite werden ohne Anspruch auf Richtigkeit, Vollst\u00e4ndigkeit oder Aktualit\u00e4t zur Verf\u00fcgung gestellt. Die Inhalte sind f\u00fcr alle Besucher der Webseite identisch.<\/p>\r\n<p>Bei Fragen zu diesen Datenschutzbestimmungen wenden Sie sich bitte per E-Mail (datenschutz@party-service-donat.de) oder Telefon (Tel: 0151 47951405) an uns.<\/p>\r\n","protected":false},"excerpt":{"rendered":"<p>Datenschutzbestimmungen Der Schutz und die Sicherheit von pers\u00f6nlichen Daten hat bei uns eine hohe Priorit\u00e4t. Daher halten wir uns strikt an die Regeln des deutschen Bundesdatenschutzgesetzes (BDSG) und der EU-DSGVO. Nachfolgend werden Sie dar\u00fcber informiert, welche Art von Daten erfasst und zu welchem Zweck sie erhoben werden: 1. Daten\u00fcbermittlung \/ DatenprotokollierungBeim Besuch dieser Seite verzeichnet&#8230;<\/p>\n","protected":false},"author":1,"featured_media":0,"parent":0,"menu_order":0,"comment_status":"closed","ping_status":"open","template":"","meta":{"_kad_post_transparent":"default","_kad_post_title":"default","_kad_post_layout":"default","_kad_post_sidebar_id":"","_kad_post_content_style":"default","_kad_post_vertical_padding":"default","_kad_post_feature":"","_kad_post_feature_position":"","_kad_post_header":false,"_kad_post_footer":false,"footnotes":""},"class_list":["post-3","page","type-page","status-publish","hentry"],"jetpack_sharing_enabled":true,"_links":{"self":[{"href":"https:\/\/party-service-donat.de\/index.php?rest_route=\/wp\/v2\/pages\/3","targetHints":{"allow":["GET"]}}],"collection":[{"href":"https:\/\/party-service-donat.de\/index.php?rest_route=\/wp\/v2\/pages"}],"about":[{"href":"https:\/\/party-service-donat.de\/index.php?rest_route=\/wp\/v2\/types\/page"}],"author":[{"embeddable":true,"href":"https:\/\/party-service-donat.de\/index.php?rest_route=\/wp\/v2\/users\/1"}],"replies":[{"embeddable":true,"href":"https:\/\/party-service-donat.de\/index.php?rest_route=%2Fwp%2Fv2%2Fcomments&post=3"}],"version-history":[{"count":3,"href":"https:\/\/party-service-donat.de\/index.php?rest_route=\/wp\/v2\/pages\/3\/revisions"}],"predecessor-version":[{"id":40,"href":"https:\/\/party-service-donat.de\/index.php?rest_route=\/wp\/v2\/pages\/3\/revisions\/40"}],"wp:attachment":[{"href":"https:\/\/party-service-donat.de\/index.php?rest_route=%2Fwp%2Fv2%2Fmedia&parent=3"}],"curies":[{"name":"wp","href":"https:\/\/api.w.org\/{rel}","templated":true}]}}